{"id":40,"date":"2023-03-15T14:09:24","date_gmt":"2023-03-15T13:09:24","guid":{"rendered":"https:\/\/az-portfolio.ovh\/?page_id=40"},"modified":"2024-03-05T13:40:33","modified_gmt":"2024-03-05T12:40:33","slug":"home","status":"publish","type":"page","link":"https:\/\/az-portfolio.ovh\/","title":{"rendered":"Accueil"},"content":{"rendered":"\t\t<div data-elementor-type=\"wp-page\" data-elementor-id=\"40\" class=\"elementor elementor-40\">\n\t\t\t\t\t\t<section class=\"elementor-section elementor-top-section elementor-element elementor-element-6f3cb6d elementor-section-full_width elementor-section-content-middle elementor-reverse-tablet elementor-reverse-mobile elementor-section-height-default elementor-section-height-default\" data-id=\"6f3cb6d\" data-element_type=\"section\">\n\t\t\t\t\t\t<div class=\"elementor-container elementor-column-gap-no\">\n\t\t\t\t\t<div class=\"elementor-column elementor-col-50 elementor-top-column elementor-element elementor-element-52103f1e\" data-id=\"52103f1e\" data-element_type=\"column\">\n\t\t\t<div class=\"elementor-widget-wrap elementor-element-populated\">\n\t\t\t\t\t\t<div class=\"elementor-element elementor-element-535fe28 elementor-widget elementor-widget-heading\" data-id=\"535fe28\" data-element_type=\"widget\" data-widget_type=\"heading.default\">\n\t\t\t\t<div class=\"elementor-widget-container\">\n\t\t\t<h1 class=\"elementor-heading-title elementor-size-default\">Bienvenue !\n<br>\n<br><\/h1>\t\t<\/div>\n\t\t\t\t<\/div>\n\t\t\t\t<div class=\"elementor-element elementor-element-39109b86 elementor-widget elementor-widget-heading\" data-id=\"39109b86\" data-element_type=\"widget\" data-widget_type=\"heading.default\">\n\t\t\t\t<div class=\"elementor-widget-container\">\n\t\t\t<h2 class=\"elementor-heading-title elementor-size-default\">Alexandre Zamo<\/h2>\t\t<\/div>\n\t\t\t\t<\/div>\n\t\t\t\t<div class=\"elementor-element elementor-element-e975c44 elementor-widget elementor-widget-heading\" data-id=\"e975c44\" data-element_type=\"widget\" data-widget_type=\"heading.default\">\n\t\t\t\t<div class=\"elementor-widget-container\">\n\t\t\t<h5 class=\"elementor-heading-title elementor-size-default\">Alternant Ing\u00e9nierie Logiciel<\/h5>\t\t<\/div>\n\t\t\t\t<\/div>\n\t\t\t\t<div class=\"elementor-element elementor-element-45da625b elementor-widget elementor-widget-text-editor\" data-id=\"45da625b\" data-element_type=\"widget\" data-widget_type=\"text-editor.default\">\n\t\t\t\t<div class=\"elementor-widget-container\">\n\t\t\t\t\t\t\t<p>Rejoignez cette page afin d&rsquo;en apprendre plus sur mon parcours et mes diff\u00e9rentes exp\u00e9riences<\/p>\t\t\t\t\t\t<\/div>\n\t\t\t\t<\/div>\n\t\t\t\t<div class=\"elementor-element elementor-element-33e9f432 elementor-invisible elementor-widget elementor-widget-button\" data-id=\"33e9f432\" data-element_type=\"widget\" data-settings=\"{&quot;_animation&quot;:&quot;fadeInDown&quot;}\" data-widget_type=\"button.default\">\n\t\t\t\t<div class=\"elementor-widget-container\">\n\t\t\t\t\t\t\t<div class=\"elementor-button-wrapper\">\n\t\t\t\t\t<a class=\"elementor-button elementor-button-link elementor-size-sm\" href=\"https:\/\/az-portfolio.ovh\/?page_id=17\">\n\t\t\t\t\t\t<span class=\"elementor-button-content-wrapper\">\n\t\t\t\t\t\t\t\t\t<span class=\"elementor-button-text\">Parcours et exp\u00e9riences<\/span>\n\t\t\t\t\t<\/span>\n\t\t\t\t\t<\/a>\n\t\t\t\t<\/div>\n\t\t\t\t\t\t<\/div>\n\t\t\t\t<\/div>\n\t\t\t\t\t<\/div>\n\t\t<\/div>\n\t\t\t\t<div class=\"elementor-column elementor-col-50 elementor-top-column elementor-element elementor-element-3d4a50e6\" data-id=\"3d4a50e6\" data-element_type=\"column\">\n\t\t\t<div class=\"elementor-widget-wrap elementor-element-populated\">\n\t\t\t\t\t\t<div class=\"elementor-element elementor-element-aa79f00 elementor-widget elementor-widget-image\" data-id=\"aa79f00\" data-element_type=\"widget\" data-widget_type=\"image.default\">\n\t\t\t\t<div class=\"elementor-widget-container\">\n\t\t\t\t\t\t\t\t\t\t\t\t\t<img fetchpriority=\"high\" decoding=\"async\" width=\"768\" height=\"822\" src=\"https:\/\/az-portfolio.ovh\/wp-content\/uploads\/2023\/03\/alexrond-768x822.png\" class=\"attachment-medium_large size-medium_large wp-image-85\" alt=\"\" srcset=\"https:\/\/az-portfolio.ovh\/wp-content\/uploads\/2023\/03\/alexrond-768x822.png 768w, https:\/\/az-portfolio.ovh\/wp-content\/uploads\/2023\/03\/alexrond-280x300.png 280w, https:\/\/az-portfolio.ovh\/wp-content\/uploads\/2023\/03\/alexrond-957x1024.png 957w, https:\/\/az-portfolio.ovh\/wp-content\/uploads\/2023\/03\/alexrond-1435x1536.png 1435w, https:\/\/az-portfolio.ovh\/wp-content\/uploads\/2023\/03\/alexrond-1914x2048.png 1914w\" sizes=\"(max-width: 768px) 100vw, 768px\" \/>\t\t\t\t\t\t\t\t\t\t\t\t\t<\/div>\n\t\t\t\t<\/div>\n\t\t\t\t\t<\/div>\n\t\t<\/div>\n\t\t\t\t\t<\/div>\n\t\t<\/section>\n\t\t\t\t<section class=\"elementor-section elementor-top-section elementor-element elementor-element-1abae09e elementor-section-full_width elementor-section-height-default elementor-section-height-default\" data-id=\"1abae09e\" data-element_type=\"section\" data-settings=\"{&quot;background_background&quot;:&quot;classic&quot;}\">\n\t\t\t\t\t\t<div class=\"elementor-container elementor-column-gap-no\">\n\t\t\t\t\t<div class=\"elementor-column elementor-col-100 elementor-top-column elementor-element elementor-element-1c9f1b4d\" data-id=\"1c9f1b4d\" data-element_type=\"column\">\n\t\t\t<div class=\"elementor-widget-wrap elementor-element-populated\">\n\t\t\t\t\t\t<div class=\"elementor-element elementor-element-3d5404e2 elementor-widget elementor-widget-heading\" data-id=\"3d5404e2\" data-element_type=\"widget\" data-widget_type=\"heading.default\">\n\t\t\t\t<div class=\"elementor-widget-container\">\n\t\t\t<h2 class=\"elementor-heading-title elementor-size-default\"><a href=\"https:\/\/az-portfolio.ovh\/?page_id=28\">Mes r\u00e9alisations<\/a><\/h2>\t\t<\/div>\n\t\t\t\t<\/div>\n\t\t\t\t<div class=\"elementor-element elementor-element-149e3ec9 elementor-widget elementor-widget-heading\" data-id=\"149e3ec9\" data-element_type=\"widget\" data-widget_type=\"heading.default\">\n\t\t\t\t<div class=\"elementor-widget-container\">\n\t\t\t<h5 class=\"elementor-heading-title elementor-size-default\">Rejoignez cette page afin de voir mes diff\u00e9rentes r\u00e9alisations<\/h5>\t\t<\/div>\n\t\t\t\t<\/div>\n\t\t\t\t<section class=\"elementor-section elementor-inner-section elementor-element elementor-element-ac27a74 elementor-section-boxed elementor-section-height-default elementor-section-height-default\" data-id=\"ac27a74\" data-element_type=\"section\">\n\t\t\t\t\t\t<div class=\"elementor-container elementor-column-gap-default\">\n\t\t\t\t\t<div class=\"elementor-column elementor-col-50 elementor-inner-column elementor-element elementor-element-6cff6f7\" data-id=\"6cff6f7\" data-element_type=\"column\">\n\t\t\t<div class=\"elementor-widget-wrap elementor-element-populated\">\n\t\t\t\t\t\t<div class=\"elementor-element elementor-element-dd8e976 elementor-widget elementor-widget-image\" data-id=\"dd8e976\" data-element_type=\"widget\" data-widget_type=\"image.default\">\n\t\t\t\t<div class=\"elementor-widget-container\">\n\t\t\t\t\t\t\t\t\t\t\t\t\t\t<a href=\"https:\/\/az-portfolio.ovh\/?page_id=167\">\n\t\t\t\t\t\t\t<img decoding=\"async\" width=\"300\" height=\"183\" src=\"https:\/\/az-portfolio.ovh\/wp-content\/uploads\/2023\/06\/LogoTutoBleu-300x183.png\" class=\"attachment-medium size-medium wp-image-104\" alt=\"\" srcset=\"https:\/\/az-portfolio.ovh\/wp-content\/uploads\/2023\/06\/LogoTutoBleu-300x183.png 300w, https:\/\/az-portfolio.ovh\/wp-content\/uploads\/2023\/06\/LogoTutoBleu-1024x623.png 1024w, https:\/\/az-portfolio.ovh\/wp-content\/uploads\/2023\/06\/LogoTutoBleu-768x467.png 768w, https:\/\/az-portfolio.ovh\/wp-content\/uploads\/2023\/06\/LogoTutoBleu.png 1430w\" sizes=\"(max-width: 300px) 100vw, 300px\" \/>\t\t\t\t\t\t\t\t<\/a>\n\t\t\t\t\t\t\t\t\t\t\t\t\t<\/div>\n\t\t\t\t<\/div>\n\t\t\t\t\t<\/div>\n\t\t<\/div>\n\t\t\t\t<div class=\"elementor-column elementor-col-50 elementor-inner-column elementor-element elementor-element-e64de5d\" data-id=\"e64de5d\" data-element_type=\"column\">\n\t\t\t<div class=\"elementor-widget-wrap elementor-element-populated\">\n\t\t\t\t\t\t<div class=\"elementor-element elementor-element-31d87bf elementor-widget elementor-widget-image\" data-id=\"31d87bf\" data-element_type=\"widget\" data-widget_type=\"image.default\">\n\t\t\t\t<div class=\"elementor-widget-container\">\n\t\t\t\t\t\t\t\t\t\t\t\t\t\t<a href=\"https:\/\/az-portfolio.ovh\/?page_id=159\">\n\t\t\t\t\t\t\t<img decoding=\"async\" width=\"300\" height=\"146\" src=\"https:\/\/az-portfolio.ovh\/wp-content\/uploads\/2023\/06\/test2-300x146.png\" class=\"attachment-medium size-medium wp-image-113\" alt=\"\" srcset=\"https:\/\/az-portfolio.ovh\/wp-content\/uploads\/2023\/06\/test2-300x146.png 300w, https:\/\/az-portfolio.ovh\/wp-content\/uploads\/2023\/06\/test2-1024x499.png 1024w, https:\/\/az-portfolio.ovh\/wp-content\/uploads\/2023\/06\/test2-768x374.png 768w, https:\/\/az-portfolio.ovh\/wp-content\/uploads\/2023\/06\/test2-1536x749.png 1536w, https:\/\/az-portfolio.ovh\/wp-content\/uploads\/2023\/06\/test2-2048x999.png 2048w\" sizes=\"(max-width: 300px) 100vw, 300px\" \/>\t\t\t\t\t\t\t\t<\/a>\n\t\t\t\t\t\t\t\t\t\t\t\t\t<\/div>\n\t\t\t\t<\/div>\n\t\t\t\t\t<\/div>\n\t\t<\/div>\n\t\t\t\t\t<\/div>\n\t\t<\/section>\n\t\t\t\t<div class=\"elementor-element elementor-element-271a9978 elementor-align-center elementor-invisible elementor-widget elementor-widget-button\" data-id=\"271a9978\" data-element_type=\"widget\" data-settings=\"{&quot;_animation&quot;:&quot;fadeInDown&quot;}\" data-widget_type=\"button.default\">\n\t\t\t\t<div class=\"elementor-widget-container\">\n\t\t\t\t\t\t\t<div class=\"elementor-button-wrapper\">\n\t\t\t\t\t<a class=\"elementor-button elementor-button-link elementor-size-sm\" href=\"https:\/\/az-portfolio.ovh\/?page_id=28\">\n\t\t\t\t\t\t<span class=\"elementor-button-content-wrapper\">\n\t\t\t\t\t\t\t\t\t<span class=\"elementor-button-text\">Voir mes r\u00e9alisations<\/span>\n\t\t\t\t\t<\/span>\n\t\t\t\t\t<\/a>\n\t\t\t\t<\/div>\n\t\t\t\t\t\t<\/div>\n\t\t\t\t<\/div>\n\t\t\t\t\t<\/div>\n\t\t<\/div>\n\t\t\t\t\t<\/div>\n\t\t<\/section>\n\t\t\t\t<section class=\"elementor-section elementor-top-section elementor-element elementor-element-d821b4c elementor-section-full_width elementor-section-height-default elementor-section-height-default\" data-id=\"d821b4c\" data-element_type=\"section\" data-settings=\"{&quot;background_background&quot;:&quot;classic&quot;}\">\n\t\t\t\t\t\t<div class=\"elementor-container elementor-column-gap-no\">\n\t\t\t\t\t<div class=\"elementor-column elementor-col-100 elementor-top-column elementor-element elementor-element-8899268\" data-id=\"8899268\" data-element_type=\"column\">\n\t\t\t<div class=\"elementor-widget-wrap elementor-element-populated\">\n\t\t\t\t\t\t<div class=\"elementor-element elementor-element-473bc02 elementor-widget elementor-widget-heading\" data-id=\"473bc02\" data-element_type=\"widget\" data-widget_type=\"heading.default\">\n\t\t\t\t<div class=\"elementor-widget-container\">\n\t\t\t<h2 class=\"elementor-heading-title elementor-size-default\"><a href=\"https:\/\/az-portfolio.ovh\/?page_id=60\">Mes comp\u00e9tences<\/a><\/h2>\t\t<\/div>\n\t\t\t\t<\/div>\n\t\t\t\t<div class=\"elementor-element elementor-element-c4ff481 elementor-widget elementor-widget-heading\" data-id=\"c4ff481\" data-element_type=\"widget\" data-widget_type=\"heading.default\">\n\t\t\t\t<div class=\"elementor-widget-container\">\n\t\t\t<h5 class=\"elementor-heading-title elementor-size-default\">Qu'elles soient techniques ou transverses, rejoignez cette page afin de d\u00e9couvrir mes comp\u00e9tences.<\/h5>\t\t<\/div>\n\t\t\t\t<\/div>\n\t\t\t\t<section class=\"elementor-section elementor-inner-section elementor-element elementor-element-88f04f4 elementor-section-boxed elementor-section-height-default elementor-section-height-default\" data-id=\"88f04f4\" data-element_type=\"section\">\n\t\t\t\t\t\t<div class=\"elementor-container elementor-column-gap-default\">\n\t\t\t\t\t<div class=\"elementor-column elementor-col-50 elementor-inner-column elementor-element elementor-element-f3ece09\" data-id=\"f3ece09\" data-element_type=\"column\">\n\t\t\t<div class=\"elementor-widget-wrap elementor-element-populated\">\n\t\t\t\t\t\t<div class=\"elementor-element elementor-element-939cf5c elementor-widget elementor-widget-image\" data-id=\"939cf5c\" data-element_type=\"widget\" data-widget_type=\"image.default\">\n\t\t\t\t<div class=\"elementor-widget-container\">\n\t\t\t\t\t\t\t\t\t\t\t\t\t\t<a href=\"https:\/\/az-portfolio.ovh\/?page_id=312\">\n\t\t\t\t\t\t\t<img loading=\"lazy\" decoding=\"async\" width=\"300\" height=\"261\" src=\"https:\/\/az-portfolio.ovh\/wp-content\/uploads\/2023\/09\/React-icon.svg-300x261.png\" class=\"attachment-medium size-medium wp-image-198\" alt=\"\" srcset=\"https:\/\/az-portfolio.ovh\/wp-content\/uploads\/2023\/09\/React-icon.svg-300x261.png 300w, https:\/\/az-portfolio.ovh\/wp-content\/uploads\/2023\/09\/React-icon.svg-1024x890.png 1024w, https:\/\/az-portfolio.ovh\/wp-content\/uploads\/2023\/09\/React-icon.svg-768x668.png 768w, https:\/\/az-portfolio.ovh\/wp-content\/uploads\/2023\/09\/React-icon.svg-1536x1336.png 1536w, https:\/\/az-portfolio.ovh\/wp-content\/uploads\/2023\/09\/React-icon.svg-2048x1781.png 2048w\" sizes=\"(max-width: 300px) 100vw, 300px\" \/>\t\t\t\t\t\t\t\t<\/a>\n\t\t\t\t\t\t\t\t\t\t\t\t\t<\/div>\n\t\t\t\t<\/div>\n\t\t\t\t\t<\/div>\n\t\t<\/div>\n\t\t\t\t<div class=\"elementor-column elementor-col-50 elementor-inner-column elementor-element elementor-element-fca9f9f\" data-id=\"fca9f9f\" data-element_type=\"column\">\n\t\t\t<div class=\"elementor-widget-wrap elementor-element-populated\">\n\t\t\t\t\t\t<div class=\"elementor-element elementor-element-f4e7861 elementor-widget elementor-widget-image\" data-id=\"f4e7861\" data-element_type=\"widget\" data-widget_type=\"image.default\">\n\t\t\t\t<div class=\"elementor-widget-container\">\n\t\t\t\t\t\t\t\t\t\t\t\t\t\t<a href=\"https:\/\/az-portfolio.ovh\/?page_id=326\">\n\t\t\t\t\t\t\t<img loading=\"lazy\" decoding=\"async\" width=\"300\" height=\"300\" src=\"https:\/\/az-portfolio.ovh\/wp-content\/uploads\/2023\/09\/campagne-publicitaire-300x300.png\" class=\"attachment-medium size-medium wp-image-214\" alt=\"\" srcset=\"https:\/\/az-portfolio.ovh\/wp-content\/uploads\/2023\/09\/campagne-publicitaire-300x300.png 300w, https:\/\/az-portfolio.ovh\/wp-content\/uploads\/2023\/09\/campagne-publicitaire-150x150.png 150w, https:\/\/az-portfolio.ovh\/wp-content\/uploads\/2023\/09\/campagne-publicitaire.png 512w\" sizes=\"(max-width: 300px) 100vw, 300px\" \/>\t\t\t\t\t\t\t\t<\/a>\n\t\t\t\t\t\t\t\t\t\t\t\t\t<\/div>\n\t\t\t\t<\/div>\n\t\t\t\t\t<\/div>\n\t\t<\/div>\n\t\t\t\t\t<\/div>\n\t\t<\/section>\n\t\t\t\t<div class=\"elementor-element elementor-element-f89c448 elementor-align-center elementor-invisible elementor-widget elementor-widget-button\" data-id=\"f89c448\" data-element_type=\"widget\" data-settings=\"{&quot;_animation&quot;:&quot;fadeInDown&quot;}\" data-widget_type=\"button.default\">\n\t\t\t\t<div class=\"elementor-widget-container\">\n\t\t\t\t\t\t\t<div class=\"elementor-button-wrapper\">\n\t\t\t\t\t<a class=\"elementor-button elementor-button-link elementor-size-sm\" href=\"https:\/\/az-portfolio.ovh\/?page_id=60\">\n\t\t\t\t\t\t<span class=\"elementor-button-content-wrapper\">\n\t\t\t\t\t\t\t\t\t<span class=\"elementor-button-text\">Voir mes comp\u00e9tences<\/span>\n\t\t\t\t\t<\/span>\n\t\t\t\t\t<\/a>\n\t\t\t\t<\/div>\n\t\t\t\t\t\t<\/div>\n\t\t\t\t<\/div>\n\t\t\t\t\t<\/div>\n\t\t<\/div>\n\t\t\t\t\t<\/div>\n\t\t<\/section>\n\t\t\t\t<\/div>\n\t\t","protected":false},"excerpt":{"rendered":"<p>Bienvenue ! Alexandre Zamo Alternant Ing\u00e9nierie Logiciel Rejoignez cette page afin d&rsquo;en apprendre plus sur mon parcours et mes diff\u00e9rentes exp\u00e9riences Parcours et exp\u00e9riences Mes r\u00e9alisations Rejoignez cette page afin de voir mes diff\u00e9rentes r\u00e9alisations Voir mes r\u00e9alisations Mes comp\u00e9tences Qu&rsquo;elles soient techniques ou transverses, rejoignez cette page afin de d\u00e9couvrir mes comp\u00e9tences. Voir mes [&hellip;]<\/p>\n","protected":false},"author":1,"featured_media":0,"parent":0,"menu_order":0,"comment_status":"closed","ping_status":"closed","template":"elementor_header_footer","meta":{"footnotes":""},"class_list":["post-40","page","type-page","status-publish","hentry"],"yoast_head":"<!-- This site is optimized with the Yoast SEO plugin v21.7 - https:\/\/yoast.com\/wordpress\/plugins\/seo\/ -->\n<title>Accueil - Alexandre Zamo<\/title>\n<meta name=\"robots\" content=\"noindex, follow, max-snippet:-1, max-image-preview:large, max-video-preview:-1\" \/>\n<meta property=\"og:locale\" content=\"fr_FR\" \/>\n<meta property=\"og:type\" content=\"article\" \/>\n<meta property=\"og:title\" content=\"Accueil - Alexandre Zamo\" \/>\n<meta property=\"og:description\" content=\"Bienvenue ! Alexandre Zamo Alternant Ing\u00e9nierie Logiciel Rejoignez cette page afin d&rsquo;en apprendre plus sur mon parcours et mes diff\u00e9rentes exp\u00e9riences Parcours et exp\u00e9riences Mes r\u00e9alisations Rejoignez cette page afin de voir mes diff\u00e9rentes r\u00e9alisations Voir mes r\u00e9alisations Mes comp\u00e9tences Qu&rsquo;elles soient techniques ou transverses, rejoignez cette page afin de d\u00e9couvrir mes comp\u00e9tences. Voir mes [&hellip;]\" \/>\n<meta property=\"og:url\" content=\"https:\/\/az-portfolio.ovh\/\" \/>\n<meta property=\"og:site_name\" content=\"Alexandre Zamo\" \/>\n<meta property=\"article:modified_time\" content=\"2024-03-05T12:40:33+00:00\" \/>\n<meta property=\"og:image\" content=\"https:\/\/az-portfolio.ovh\/wp-content\/uploads\/2023\/03\/alexrond-768x822.png\" \/>\n<meta name=\"twitter:card\" content=\"summary_large_image\" \/>\n<meta name=\"twitter:label1\" content=\"Dur\u00e9e de lecture estim\u00e9e\" \/>\n\t<meta name=\"twitter:data1\" content=\"2 minutes\" \/>\n<script type=\"application\/ld+json\" class=\"yoast-schema-graph\">{\"@context\":\"https:\/\/schema.org\",\"@graph\":[{\"@type\":\"WebPage\",\"@id\":\"https:\/\/az-portfolio.ovh\/\",\"url\":\"https:\/\/az-portfolio.ovh\/\",\"name\":\"Accueil - Alexandre Zamo\",\"isPartOf\":{\"@id\":\"https:\/\/az-portfolio.ovh\/#website\"},\"datePublished\":\"2023-03-15T13:09:24+00:00\",\"dateModified\":\"2024-03-05T12:40:33+00:00\",\"breadcrumb\":{\"@id\":\"https:\/\/az-portfolio.ovh\/#breadcrumb\"},\"inLanguage\":\"fr-FR\",\"potentialAction\":[{\"@type\":\"ReadAction\",\"target\":[\"https:\/\/az-portfolio.ovh\/\"]}]},{\"@type\":\"BreadcrumbList\",\"@id\":\"https:\/\/az-portfolio.ovh\/#breadcrumb\",\"itemListElement\":[{\"@type\":\"ListItem\",\"position\":1,\"name\":\"Accueil\",\"item\":\"https:\/\/az-portfolio.ovh\/\"},{\"@type\":\"ListItem\",\"position\":2,\"name\":\"Accueil\"}]},{\"@type\":\"WebSite\",\"@id\":\"https:\/\/az-portfolio.ovh\/#website\",\"url\":\"https:\/\/az-portfolio.ovh\/\",\"name\":\"Alexandre Zamo\",\"description\":\"\",\"potentialAction\":[{\"@type\":\"SearchAction\",\"target\":{\"@type\":\"EntryPoint\",\"urlTemplate\":\"https:\/\/az-portfolio.ovh\/?s={search_term_string}\"},\"query-input\":\"required name=search_term_string\"}],\"inLanguage\":\"fr-FR\"}]}<\/script>\n<!-- \/ Yoast SEO plugin. -->","yoast_head_json":{"title":"Accueil - Alexandre Zamo","robots":{"index":"noindex","follow":"follow","max-snippet":"max-snippet:-1","max-image-preview":"max-image-preview:large","max-video-preview":"max-video-preview:-1"},"og_locale":"fr_FR","og_type":"article","og_title":"Accueil - Alexandre Zamo","og_description":"Bienvenue ! Alexandre Zamo Alternant Ing\u00e9nierie Logiciel Rejoignez cette page afin d&rsquo;en apprendre plus sur mon parcours et mes diff\u00e9rentes exp\u00e9riences Parcours et exp\u00e9riences Mes r\u00e9alisations Rejoignez cette page afin de voir mes diff\u00e9rentes r\u00e9alisations Voir mes r\u00e9alisations Mes comp\u00e9tences Qu&rsquo;elles soient techniques ou transverses, rejoignez cette page afin de d\u00e9couvrir mes comp\u00e9tences. Voir mes [&hellip;]","og_url":"https:\/\/az-portfolio.ovh\/","og_site_name":"Alexandre Zamo","article_modified_time":"2024-03-05T12:40:33+00:00","og_image":[{"url":"https:\/\/az-portfolio.ovh\/wp-content\/uploads\/2023\/03\/alexrond-768x822.png"}],"twitter_card":"summary_large_image","twitter_misc":{"Dur\u00e9e de lecture estim\u00e9e":"2 minutes"},"schema":{"@context":"https:\/\/schema.org","@graph":[{"@type":"WebPage","@id":"https:\/\/az-portfolio.ovh\/","url":"https:\/\/az-portfolio.ovh\/","name":"Accueil - Alexandre Zamo","isPartOf":{"@id":"https:\/\/az-portfolio.ovh\/#website"},"datePublished":"2023-03-15T13:09:24+00:00","dateModified":"2024-03-05T12:40:33+00:00","breadcrumb":{"@id":"https:\/\/az-portfolio.ovh\/#breadcrumb"},"inLanguage":"fr-FR","potentialAction":[{"@type":"ReadAction","target":["https:\/\/az-portfolio.ovh\/"]}]},{"@type":"BreadcrumbList","@id":"https:\/\/az-portfolio.ovh\/#breadcrumb","itemListElement":[{"@type":"ListItem","position":1,"name":"Accueil","item":"https:\/\/az-portfolio.ovh\/"},{"@type":"ListItem","position":2,"name":"Accueil"}]},{"@type":"WebSite","@id":"https:\/\/az-portfolio.ovh\/#website","url":"https:\/\/az-portfolio.ovh\/","name":"Alexandre Zamo","description":"","potentialAction":[{"@type":"SearchAction","target":{"@type":"EntryPoint","urlTemplate":"https:\/\/az-portfolio.ovh\/?s={search_term_string}"},"query-input":"required name=search_term_string"}],"inLanguage":"fr-FR"}]}},"_links":{"self":[{"href":"https:\/\/az-portfolio.ovh\/index.php?rest_route=\/wp\/v2\/pages\/40","targetHints":{"allow":["GET"]}}],"collection":[{"href":"https:\/\/az-portfolio.ovh\/index.php?rest_route=\/wp\/v2\/pages"}],"about":[{"href":"https:\/\/az-portfolio.ovh\/index.php?rest_route=\/wp\/v2\/types\/page"}],"author":[{"embeddable":true,"href":"https:\/\/az-portfolio.ovh\/index.php?rest_route=\/wp\/v2\/users\/1"}],"replies":[{"embeddable":true,"href":"https:\/\/az-portfolio.ovh\/index.php?rest_route=%2Fwp%2Fv2%2Fcomments&post=40"}],"version-history":[{"count":105,"href":"https:\/\/az-portfolio.ovh\/index.php?rest_route=\/wp\/v2\/pages\/40\/revisions"}],"predecessor-version":[{"id":1356,"href":"https:\/\/az-portfolio.ovh\/index.php?rest_route=\/wp\/v2\/pages\/40\/revisions\/1356"}],"wp:attachment":[{"href":"https:\/\/az-portfolio.ovh\/index.php?rest_route=%2Fwp%2Fv2%2Fmedia&parent=40"}],"curies":[{"name":"wp","href":"https:\/\/api.w.org\/{rel}","templated":true}]}}